{"id":1066,"date":"2023-11-21T12:05:48","date_gmt":"2023-11-21T12:05:48","guid":{"rendered":"https:\/\/ubr.cat\/2\/?page_id=1066"},"modified":"2024-04-04T13:04:47","modified_gmt":"2024-04-04T13:04:47","slug":"formacions","status":"publish","type":"page","link":"https:\/\/ubr.cat\/2\/formacions\/","title":{"rendered":"Formacions"},"content":{"rendered":"<p>[et_pb_section fb_built=&#8221;1&#8243; fullwidth=&#8221;on&#8221; _builder_version=&#8221;4.19.1&#8243; _module_preset=&#8221;default&#8221; bottom_divider_style=&#8221;curve2&#8243; bottom_divider_color=&#8221;#ffffff&#8221; bottom_divider_height=&#8221;232px&#8221; bottom_divider_repeat=&#8221;1x&#8221; locked=&#8221;off&#8221; global_colors_info=&#8221;{}&#8221;][et_pb_fullwidth_header title=&#8221;Formacions&#8221; text_orientation=&#8221;center&#8221; header_fullscreen=&#8221;on&#8221; header_scroll_down=&#8221;on&#8221; scroll_down_icon=&#8221;%%8%%&#8221; scroll_down_icon_color=&#8221;#f19904&#8243; scroll_down_icon_size=&#8221;33px&#8221; _builder_version=&#8221;4.23.1&#8243; _module_preset=&#8221;default&#8221; title_font=&#8221;Roboto|700||on|||||&#8221; title_text_align=&#8221;center&#8221; title_font_size=&#8221;53px&#8221; content_font=&#8221;Roboto|500|||||||&#8221; content_text_align=&#8221;center&#8221; content_font_size=&#8221;14px&#8221; background_image=&#8221;https:\/\/ubr.cat\/2\/wp-content\/uploads\/2023\/11\/pexels-pixabay-289737-1.jpg&#8221; text_shadow_style=&#8221;preset1&#8243; global_colors_info=&#8221;{}&#8221;]<\/p>\n<p><span>UBR<\/span><\/p>\n<p>[\/et_pb_fullwidth_header][\/et_pb_section][et_pb_section fb_built=&#8221;1&#8243; _builder_version=&#8221;4.24.3&#8243; _module_preset=&#8221;default&#8221; custom_padding=&#8221;21px||10px|||&#8221; hover_enabled=&#8221;0&#8243; locked=&#8221;off&#8221; collapsed=&#8221;on&#8221; global_colors_info=&#8221;{}&#8221; sticky_enabled=&#8221;0&#8243;][et_pb_row _builder_version=&#8221;4.24.3&#8243; _module_preset=&#8221;default&#8221; theme_builder_area=&#8221;post_content&#8221;][et_pb_column _builder_version=&#8221;4.24.3&#8243; _module_preset=&#8221;default&#8221; type=&#8221;4_4&#8243; theme_builder_area=&#8221;post_content&#8221;][et_pb_button button_text=&#8221;Anar a la plataforma de formaci\u00f3&#8221; _builder_version=&#8221;4.24.3&#8243; _module_preset=&#8221;default&#8221; theme_builder_area=&#8221;post_content&#8221; custom_button=&#8221;on&#8221; button_text_color=&#8221;#FFFFFF&#8221; button_bg_color=&#8221;#E09900&#8243; button_bg_enable_color=&#8221;on&#8221; button_border_width=&#8221;0px&#8221; button_border_radius=&#8221;21px&#8221; button_url=&#8221;https:\/\/formacionsubr.com\/moodle\/&#8221; url_new_window=&#8221;on&#8221; hover_enabled=&#8221;0&#8243; sticky_enabled=&#8221;0&#8243; button_alignment=&#8221;center&#8221;][\/et_pb_button][\/et_pb_column][\/et_pb_row][et_pb_row _builder_version=&#8221;4.23.1&#8243; _module_preset=&#8221;default&#8221; global_colors_info=&#8221;{}&#8221;][et_pb_column type=&#8221;4_4&#8243; _builder_version=&#8221;4.23.1&#8243; _module_preset=&#8221;default&#8221; global_colors_info=&#8221;{}&#8221;][et_pb_text disabled_on=&#8221;on|on|on&#8221; admin_label=&#8221;dona&#8221; _builder_version=&#8221;4.23.1&#8243; _module_preset=&#8221;default&#8221; text_font=&#8221;Roboto||||||||&#8221; text_font_size=&#8221;16px&#8221; header_2_font=&#8221;Roboto|700||on|||||&#8221; header_2_text_color=&#8221;#f2991b&#8221; header_2_line_height=&#8221;2em&#8221; text_orientation=&#8221;center&#8221; width=&#8221;80%&#8221; width_tablet=&#8221;80%&#8221; width_phone=&#8221;100%&#8221; width_last_edited=&#8221;on|desktop&#8221; max_width=&#8221;80%&#8221; max_width_tablet=&#8221;80%&#8221; max_width_phone=&#8221;100%&#8221; max_width_last_edited=&#8221;on|phone&#8221; module_alignment=&#8221;center&#8221; custom_margin=&#8221;0.8%||||false|false&#8221; header_2_font_size_tablet=&#8221;20px&#8221; header_2_font_size_phone=&#8221;15px&#8221; header_2_font_size_last_edited=&#8221;on|phone&#8221; disabled=&#8221;on&#8221; locked=&#8221;off&#8221; global_colors_info=&#8221;{}&#8221;]<\/p>\n<h2>COM ELABORAR UN PLA DE M\u00c0RQUETING DIGITAL<\/h2>\n<h2>COMMUNITY MANAGER, GESTI\u00d3 DE XARXES SOCIALS<\/h2>\n<h2>POSICIONAMENT WEB<\/h2>\n<h2>PAID\u00a0MEDIA\u00a0(SOCIAL\u00a0ADS\u00a0I GOOGLE ADS)<\/h2>\n<h2>MARKETPLACE\u00a0&#8211; VENDA\u00a0ONLINE<\/h2>\n<h2>GESTI\u00d3 COMERCIAL, ATENCI\u00d3 AL P\u00daBLIC I GESTI\u00d3 DE CLIENTS<\/h2>\n<h2>ESCAPARATISME<\/h2>\n<h2>COMPTABILITAT PR\u00c0CTICA PER A PIMES I AUT\u00d2NOMS<\/h2>\n<h2>INTEL\u00b7LIG\u00c8NCIA DE MEN\u00da PER A RESTAURANTS<\/h2>\n<h2>EINES DE M\u00c0RQUETING I DISSENY<\/h2>\n<h2>GESTI\u00d3 DE L&#8217;ESTR\u00c9S. T\u00c8CNIQUES EFECTIVES PER MILLORAR LA QUALITAT DE VIDA PERSONAL I LABORAL<\/h2>\n<h2>COMER\u00c7 DE QUALITAT AMB MENTALITAT\u00a0SALUDABLE<\/h2>\n<h2>LIDERATGE SALUDABLE\u00a0I DE QUALITAT<\/h2>\n<h2>ATENCI\u00d3 AL CLIENT EN PROC\u00c9S COMERCIAL<\/h2>\n<h2><span>BRANDING: GESTI\u00d3 I DESPLEGAMENT D&#8217;UNA MARCA<\/span><\/h2>\n<p>[\/et_pb_text][et_pb_accordion open_toggle_text_color=&#8221;#636363&#8243; closed_toggle_text_color=&#8221;#E09900&#8243; icon_color=&#8221;#E09900&#8243; _builder_version=&#8221;4.23.1&#8243; _module_preset=&#8221;default&#8221; toggle_text_color=&#8221;#E09900&#8243; toggle_font=&#8221;|||on|||||&#8221; text_orientation=&#8221;center&#8221; global_colors_info=&#8221;{}&#8221;][et_pb_accordion_item title=&#8221;ACCIONS FORMATIVES QUE INTEGREN EL PLA DE FORMACI\u00d3&#8221; open=&#8221;on&#8221; _builder_version=&#8221;4.23.1&#8243; _module_preset=&#8221;default&#8221; global_colors_info=&#8221;{}&#8221;]<\/p>\n<p>M\u00f2dul 1: Introducci\u00f3 al m\u00e0rqueting digital<br \/>M\u00f2dul 2: An\u00e0lisi de mercat i p\u00fablic objectiu<br \/>M\u00f2dul 3: Estrat\u00e8gia de m\u00e0rqueting digital<br \/>M\u00f2dul 4: Mesurament i avaluaci\u00f3 de resultats<br \/>M\u00f2dul 5: Sostenibilitat i economia verda<br \/>60 HORES<\/p>\n<p>[\/et_pb_accordion_item][et_pb_accordion_item title=&#8221;COMMUNITY MANAGER, GESTI\u00d3 DE XARXES SOCIALS&#8221; _builder_version=&#8221;4.23.1&#8243; _module_preset=&#8221;default&#8221; global_colors_info=&#8221;{}&#8221;]M\u00f2dul 1: Introducci\u00f3 a la gesti\u00f3 de xarxes socials<br \/>\nM\u00f2dul 2: Creaci\u00f3 de contingut per xarxes socials<br \/>\nM\u00f2dul 3: Estrat\u00e8gies de m\u00e0rqueting a xarxes socials<br \/>\nM\u00f2dul 4: Mesura de l&#8217;impacte i efic\u00e0cia a xarxes socials<br \/>\nM\u00f2dul 5: Sostenibilitat i economia verda<br \/>\n60 HORES[\/et_pb_accordion_item][et_pb_accordion_item title=&#8221;POSICIONAMENT WEB&#8221; _builder_version=&#8221;4.23.1&#8243; _module_preset=&#8221;default&#8221; global_colors_info=&#8221;{}&#8221;]M\u00f2dul 1: Introducci\u00f3 al posicionament web<br \/>\nM\u00f2dul 2: SEO<br \/>\nM\u00f2dul 3: SEM<br \/>\nM\u00f2dul 4: Sostenibilitat i economia verda<br \/>\n60 HORES[\/et_pb_accordion_item][et_pb_accordion_item title=&#8221;PAID MEDIA (SOCIAL ADS I GOOGLE ADS)&#8221; _builder_version=&#8221;4.23.1&#8243; _module_preset=&#8221;default&#8221; global_colors_info=&#8221;{}&#8221;]M\u00f2dul 1: Introducci\u00f3 a la publicitat en l\u00ednea<br \/>\nM\u00f2dul 2: Planificaci\u00f3 i estructuraci\u00f3 de campanyes publicit\u00e0ries a Google Ads<br \/>\nM\u00f2dul 3: Planificaci\u00f3 i estructuraci\u00f3 de campanyes publicit\u00e0ries a Social Ads<br \/>\nM\u00f2dul 4: Mesura i an\u00e0lisi de resultats en Paid Media<br \/>\nM\u00f2dul 5: Pr\u00e0ctiques i casos reals<br \/>\nM\u00f2dul 6: Sostenibilitat i economia verda en la publicitat en l\u00ednea<br \/>\n50 HORES[\/et_pb_accordion_item][et_pb_accordion_item title=&#8221;MARKETPLACE &#8211; VENDA ONLINE&#8221; _builder_version=&#8221;4.23.1&#8243; _module_preset=&#8221;default&#8221; global_colors_info=&#8221;{}&#8221;]M\u00f2dul 1: Introducci\u00f3 al Marketplace i venda online<br \/>\nM\u00f2dul 2: Estrat\u00e8gies efectives de venda online<br \/>\nM\u00f2dul 3: Eines per a l&#8217;optimitzaci\u00f3 de la venda online<br \/>\nM\u00f2dul 4: Fotografia de producte en un Marketplace<br \/>\nM\u00f2dul 5: MarketPlace de la UBR (3h)<br \/>\nM\u00f2dul 6: Sostenibilitat i economia verda en el comer\u00e7 electr\u00f2nic<br \/>\n60 HORES[\/et_pb_accordion_item][et_pb_accordion_item title=&#8221;GESTI\u00d3 COMERCIAL, ATENCI\u00d3 AL P\u00daBLIC I GESTI\u00d3  DE CLIENTS&#8221; _builder_version=&#8221;4.23.1&#8243; _module_preset=&#8221;default&#8221; global_colors_info=&#8221;{}&#8221;]M\u00f2dul 1: GESTI\u00d3 COMERCIAL<br \/>\nM\u00f2dul 2: ATENCI\u00d3 AL P\u00daBLIC<br \/>\nM\u00f2dul 3: GESTI\u00d3 DE CLIENTS<br \/>\nM\u00f2dul 4: Sostenibilitat i economia verda<br \/>\n60 HORES[\/et_pb_accordion_item][et_pb_accordion_item title=&#8221;ESCAPARATISME&#8221; _builder_version=&#8221;4.23.1&#8243; _module_preset=&#8221;default&#8221; global_colors_info=&#8221;{}&#8221;]M\u00f2dul 1: Conceptes b\u00e0sics en escaparatisme<br \/>\nM\u00f2dul 2: T\u00e8cniques d&#8217;escaparatisme<br \/>\nM\u00f2dul 3: Sostenibilitat i economia verda en l&#8217;escaparatisme<br \/>\n30 HORES[\/et_pb_accordion_item][et_pb_accordion_item title=&#8221;GESTI\u00d3 DE L\u2019ESTR\u00c8S. T\u00c8CNIQUES EFECTIVES PER MILLORAR LA QUALITAT DE VIDA PERSONAL I LABORAL.&#8221; _builder_version=&#8221;4.23.1&#8243; _module_preset=&#8221;default&#8221; global_colors_info=&#8221;{}&#8221;]<\/p>\n<p>M\u00f2dul 1: \u00bfQu\u00e8 es l\u2019estr\u00e8s. causes de l\u2019estr\u00e8s. La corba del estr\u00e8s.<br \/>M\u00f2dul 2: Test de diagnostic\u00a0<br \/>M\u00f2dul 3: Com afecta l\u2019estr\u00e8s al cervell. conseq\u00fc\u00e8ncies.\u00a0<br \/>M\u00f2dul 4:Errors de les persones estressades\u00a0<br \/>M\u00f2dul 5: Beneficis de controlar l\u2019estr\u00e8s.\u00a0<br \/>M\u00f2dul 6: Gesti\u00f3 emocional.\u00a0<br \/>M\u00f2dul 7: Pla de seguiment\u00a0<br \/>30 HORES<\/p>\n<p>[\/et_pb_accordion_item][et_pb_accordion_item title=&#8221;COMER\u00c7 DE QUALITAT AMB MENTALITAT SALUDABLE&#8221; _builder_version=&#8221;4.23.1&#8243; _module_preset=&#8221;default&#8221; global_colors_info=&#8221;{}&#8221;]M\u00f2dul 1. Que \u00e9s Lego Serious Play (lsp) i com ens ajudar\u00e0?<br \/>\nM\u00f2dul 2. m\u00f3n bani<br \/>\nM\u00f2dul 3. power skills<br \/>\nM\u00f2dul 4. models d\u2019aprenentatge, personalitats i eneagrama<br \/>\nM\u00f2dul 5. taller lsp<br \/>\nM\u00f2dul 6. taller reflexiu post-intervenci\u00f3 amb lsp<br \/>\nM\u00f2dul 7: Sostenibilitat i economia verda<br \/>\n30 HORES[\/et_pb_accordion_item][et_pb_accordion_item title=&#8221;LIDERATGE SALUDABLE I DE QUALITAT&#8221; _builder_version=&#8221;4.23.1&#8243; _module_preset=&#8221;default&#8221; global_colors_info=&#8221;{}&#8221;]<\/p>\n<p>M\u00f2dul 1. Que \u00e9s Lego\uf0d2 Serious Play\uf0d2 (lsp) i com ens ajudar\u00e0?<\/p>\n<p>M\u00f2dul 2. m\u00f3n bani<br \/>M\u00f2dul 3. power skills<br \/>M\u00f2dul 4. models de lideratge<br \/>M\u00f2dul 5. taller lsp<br \/>M\u00f2dul 6. entrevista personal posterior amb cada li\u0301der per resoldre dubtes<\/p>\n<p>M\u00f2dul 7. taller reflexiu post-intervencio\u0301 amb lsp:<\/p>\n<p>&#8211; &#8211; &#8211; &#8211;<\/p>\n<p>identitat compartida<br \/>agents<br \/>connexions i construcci\u00f3 de sistema<br \/>joc dels emergents i presa de decisions<br \/>i extracci\u00f3 dels principis guia simples. (aquest taller est\u00e0 personalitzat per a l\u2019associaci\u00f3 de botiguers de reus amb \u00fas de metodologia lsp, amb aval internacional. es basa en el coneixement que tenen les nostres mans per facilitar la reflexi\u00f3, la comunicaci\u00f3 i la resoluci\u00f3 de problemes, amb participaci\u00f3 100\/100). (model presencial \u2013 14h; 4 dies de 3,5h, 1 setmana despr\u00e9s del punt 1)<br \/>entrevista personal posterior amb cada l\u00edder per resoldre dubtes<br \/>taller reflexiu post-intervenci\u00f3 amb lsp: (4 hores)<\/p>\n<p>[\/et_pb_accordion_item][et_pb_accordion_item title=&#8221;COMPTABILITAT PR\u00c0CTICA PER A PIMES I AUT\u00d2NOMS&#8221; _builder_version=&#8221;4.23.1&#8243; _module_preset=&#8221;default&#8221; global_colors_info=&#8221;{}&#8221;]M\u00f2dul 1: Introducci\u00f3 a la comptabilitat<br \/>\nM\u00f2dul 2: Fiscalitat per a pimes i aut\u00f2noms<br \/>\nM\u00f2dul 3: Programa de comptabilitat i fiscalitat per a pimes i aut\u00f2noms<br \/>\nM\u00f2dul 4: Sostenibilitat i economia verda<br \/>\n60 HORES[\/et_pb_accordion_item][et_pb_accordion_item title=&#8221;INTEL\u00b7LIG\u00c8NCIA DE MEN\u00da PER A RESTAURANTS&#8221; _builder_version=&#8221;4.23.1&#8243; _module_preset=&#8221;default&#8221; global_colors_info=&#8221;{}&#8221;]M\u00f2dul 1: Bases de l&#8217;alimentaci\u00f3 saludable i sostenible<br \/>\nM\u00f2dul 2: Gesti\u00f3 de l&#8217;oferta culin\u00e0ria<br \/>\nM\u00f2dul 3: Preus de venda per a men\u00fas saludables i sostenibles<br \/>\nM\u00f2dul 4: Sostenibilitat i economia verda<br \/>\n30 HORES[\/et_pb_accordion_item][et_pb_accordion_item title=&#8221;BRANDING: GESTI\u00d3 I DESPLEGAMENT D\u2019UNA MARCA&#8221; _builder_version=&#8221;4.23.1&#8243; _module_preset=&#8221;default&#8221; global_colors_info=&#8221;{}&#8221;]1. Introducci\u00f3 al branding<br \/>\n2. Investigaci\u00f3 de mercats i an\u00e0lisi de la compet\u00e8ncia<br \/>\n3. Creaci\u00f3 de la marca<br \/>\n4. Estrat\u00e8gia de branding i planificaci\u00f3<br \/>\n5. Comunicaci\u00f3 de la marca<br \/>\n6. Desplegament de la marca<br \/>\n60 HORES[\/et_pb_accordion_item][et_pb_accordion_item title=&#8221;Atenci\u00f3 al client en proc\u00e9s comercial&#8221; _builder_version=&#8221;4.23.1&#8243; _module_preset=&#8221;default&#8221; global_colors_info=&#8221;{}&#8221;]M\u00d2DUL 1: FUNDAMENTS DE L&#8217;ATENCI\u00d3 AL CLIENT<br \/>\nM\u00d2DUL 2: FASES DEL PROC\u00c9S COMERCIAL<br \/>\nM\u00d2DUL 3: T\u00c8CNIQUES DE VENDA<br \/>\nM\u00d2DUL 4: ATENCI\u00d3 AL CLIENT EN EL POSTVENDA<br \/>\nM\u00d2DUL 5: ECONOMIA VERDA I SOSTENIBILITAT<br \/>\n50 HORES[\/et_pb_accordion_item][et_pb_accordion_item title=&#8221;Eines de m\u00e0rqueting i disseny&#8221; _builder_version=&#8221;4.23.1&#8243; _module_preset=&#8221;default&#8221; global_colors_info=&#8221;{}&#8221;]M\u00f2dul 1: Introducci\u00f3 al marketing online<br \/>\nM\u00f2dul 2: Disseny web i usabilitat<br \/>\nM\u00f2dul 3: SEO i posicionament web<br \/>\nM\u00f2dul 4: Publicitat en l\u00ednia<br \/>\nM\u00f2dul 5: Xarxes socials i m\u00e0rqueting en xarxes<br \/>\nM\u00f2dul 6: Eines de disseny gr\u00e0fic per al comer\u00e7 en l\u00ednia<br \/>\nM\u00f2dul 7: El medi ambient i el marketing<br \/>\n60 hores[\/et_pb_accordion_item][\/et_pb_accordion][\/et_pb_column][\/et_pb_row][\/et_pb_section][et_pb_section fb_built=&#8221;1&#8243; prev_background_color=&#8221;#ffffff&#8221; next_background_color=&#8221;#ffffff&#8221; admin_label=&#8221;creixent&#8221; _builder_version=&#8221;4.23.1&#8243; _module_preset=&#8221;default&#8221; background_color=&#8221;#f9f9f9&#8243; top_divider_style=&#8221;slant&#8221; top_divider_height=&#8221;46px&#8221; bottom_divider_style=&#8221;slant&#8221; bottom_divider_height=&#8221;30px&#8221; locked=&#8221;off&#8221; collapsed=&#8221;on&#8221; global_colors_info=&#8221;{}&#8221;][et_pb_row _builder_version=&#8221;4.23.1&#8243; _module_preset=&#8221;default&#8221; global_colors_info=&#8221;{}&#8221;][et_pb_column type=&#8221;4_4&#8243; _builder_version=&#8221;4.23.1&#8243; _module_preset=&#8221;default&#8221; global_colors_info=&#8221;{}&#8221;][et_pb_code _builder_version=&#8221;4.23.1&#8243; _module_preset=&#8221;default&#8221; global_colors_info=&#8221;{}&#8221;][\/et_pb_code][et_pb_contact_form email=&#8221;formacio@ubr.cat&#8221; success_message=&#8221;La seva sol\u00b7licitud ha estat enviat correctament&#8221; submit_button_text=&#8221;enviar&#8221; _builder_version=&#8221;4.24.2&#8243; _module_preset=&#8221;default&#8221; _unique_id=&#8221;6f451ef8-e1ae-4a9b-8cf8-479151e166b5&#8243; form_field_background_color=&#8221;#f9f9f9&#8243; form_field_text_color=&#8221;#E09900&#8243; title_font=&#8221;|300|||||||&#8221; title_text_align=&#8221;center&#8221; title_text_color=&#8221;#7f7f7f&#8221; title_font_size=&#8221;19px&#8221; form_field_font_size=&#8221;12px&#8221; form_field_line_height=&#8221;1em&#8221; custom_button=&#8221;on&#8221; button_text_size=&#8221;14px&#8221; button_border_radius=&#8221;9px&#8221; button_letter_spacing=&#8221;1px&#8221; button_use_icon=&#8221;off&#8221; width=&#8221;100%&#8221; width_tablet=&#8221;100%&#8221; width_phone=&#8221;100%&#8221; width_last_edited=&#8221;on|phone&#8221; max_width=&#8221;100%&#8221; custom_margin=&#8221;-0.2%||||false|false&#8221; border_radii=&#8221;on|10px|10px|10px|10px&#8221; box_shadow_style=&#8221;preset2&#8243; box_shadow_horizontal=&#8221;4px&#8221; box_shadow_vertical=&#8221;4px&#8221; box_shadow_blur=&#8221;9px&#8221; box_shadow_color=&#8221;rgba(0,0,0,0.09)&#8221; global_colors_info=&#8221;{}&#8221; button_bg_color__hover_enabled=&#8221;on|desktop&#8221; button_bg_color__hover=&#8221;#f2991b&#8221; button_bg_enable_color__hover=&#8221;on&#8221; button_text_color__hover_enabled=&#8221;on|hover&#8221; button_text_color__hover=&#8221;#FFFFFF&#8221; width__hover_enabled=&#8221;on|desktop&#8221; width__hover=&#8221;100%&#8221;][et_pb_contact_field field_id=&#8221;Nom&#8221; field_title=&#8221;Nom&#8221; _builder_version=&#8221;4.23.1&#8243; global_colors_info=&#8221;{}&#8221; button_text_size__hover_enabled=&#8221;off&#8221; button_one_text_size__hover_enabled=&#8221;off&#8221; button_two_text_size__hover_enabled=&#8221;off&#8221; button_text_color__hover_enabled=&#8221;off&#8221; button_one_text_color__hover_enabled=&#8221;off&#8221; button_two_text_color__hover_enabled=&#8221;off&#8221; button_border_width__hover_enabled=&#8221;off&#8221; button_one_border_width__hover_enabled=&#8221;off&#8221; button_two_border_width__hover_enabled=&#8221;off&#8221; button_border_color__hover_enabled=&#8221;off&#8221; button_one_border_color__hover_enabled=&#8221;off&#8221; button_two_border_color__hover_enabled=&#8221;off&#8221; button_border_radius__hover_enabled=&#8221;off&#8221; button_one_border_radius__hover_enabled=&#8221;off&#8221; button_two_border_radius__hover_enabled=&#8221;off&#8221; button_letter_spacing__hover_enabled=&#8221;off&#8221; button_one_letter_spacing__hover_enabled=&#8221;off&#8221; button_two_letter_spacing__hover_enabled=&#8221;off&#8221; button_bg_color__hover_enabled=&#8221;off&#8221; button_one_bg_color__hover_enabled=&#8221;off&#8221; button_two_bg_color__hover_enabled=&#8221;off&#8221;][\/et_pb_contact_field][et_pb_contact_field field_id=&#8221;Nom_del_comer\u00e7&#8221; field_title=&#8221;Nom del comer\u00e7&#8221; _builder_version=&#8221;4.23.1&#8243; _module_preset=&#8221;default&#8221; global_colors_info=&#8221;{}&#8221;][\/et_pb_contact_field][et_pb_contact_field field_id=&#8221;Nombre_d&#8217;empleats&#8221; field_title=&#8221;Nombre d&#8217;empleats&#8221; _builder_version=&#8221;4.23.1&#8243; _module_preset=&#8221;default&#8221; global_colors_info=&#8221;{}&#8221;][\/et_pb_contact_field][et_pb_contact_field field_id=&#8221;Curs_d&#8217;inter\u00e8s&#8221; field_title=&#8221; Curs d&#8217;inter\u00e8s&#8221; field_type=&#8221;select&#8221; select_options=&#8221;%91{%22value%22:%22COM ELABORAR UN PLA DE M\u00c0RQUETING DIGITAL%22,%22checked%22:0,%22dragID%22:-1},{%22value%22:%22COMMUNITY MANAGER, GESTI\u00d3 DE XARXES SOCIALS %22,%22checked%22:0,%22dragID%22:0},{%22value%22:%22POSICIONAMENT WEB%22,%22checked%22:0,%22dragID%22:1},{%22value%22:%22PAID MEDIA (SOCIAL ADS I GOOGLE ADS)%22,%22checked%22:0,%22dragID%22:2},{%22value%22:%22MARKETPLACE &#8211; VENDA ONLINE%22,%22checked%22:0,%22dragID%22:3},{%22value%22:%22GESTI\u00d3 COMERCIAL, ATENCI\u00d3 AL P\u00daBLIC I GESTI\u00d3 DE CLIENTS%22,%22checked%22:0,%22dragID%22:4},{%22value%22:%22ESCAPARATISME%22,%22checked%22:0,%22dragID%22:5},{%22value%22:%22COMPTABILITAT PR\u00c0CTICA PER A PIMES I AUT\u00d2NOMS%22,%22checked%22:0,%22dragID%22:6},{%22value%22:%22INTEL\u00b7LIG\u00c8NCIA DE MEN\u00da PER A RESTAURANTS%22,%22checked%22:0,%22dragID%22:7},{%22value%22:%22EINES DE M\u00c0RQUETING I DISSENY%22,%22checked%22:0,%22dragID%22:8},{%22value%22:%22GESTI\u00d3 DE L&#8217;ESTR\u00c9S. T\u00c8CNIQUES EFECTIVES PER MILLORAR LA QUALITAT DE VIDA PERSONAL I LABORAL%22,%22checked%22:0,%22dragID%22:9},{%22value%22:%22COMER\u00c7 DE QUALITAT AMB MENTALITAT SALUDABLE%22,%22checked%22:0,%22dragID%22:10},{%22value%22:%22LIDERATGE SALUDABLE I DE QUALITAT%22,%22checked%22:0,%22dragID%22:11},{%22value%22:%22ATENCI\u00d3 AL CLIENT EN PROC\u00c9S COMERCIAL%22,%22checked%22:0,%22dragID%22:12},{%22value%22:%22BRANDING: GESTI\u00d3 I DESPLEGAMENT D&#8217;UNA MARCA%22,%22checked%22:0,%22dragID%22:13}%93&#8243; _builder_version=&#8221;4.23.1&#8243; _module_preset=&#8221;default&#8221; global_colors_info=&#8221;{}&#8221;][\/et_pb_contact_field][et_pb_contact_field field_id=&#8221;Horari_disponible&#8221; field_title=&#8221;Horari disponible&#8221; field_type=&#8221;select&#8221; select_options=&#8221;%91{%22value%22:%22Mat\u00ed%22,%22checked%22:0,%22dragID%22:-1},{%22value%22:%22Migdia%22,%22checked%22:0,%22dragID%22:0},{%22value%22:%22Tarde%22,%22checked%22:0,%22dragID%22:1},{%22value%22:%22Vespre%22,%22checked%22:0,%22dragID%22:2},{%22value%22:%22Nit%22,%22checked%22:0,%22dragID%22:3}%93&#8243; _builder_version=&#8221;4.23.1&#8243; _module_preset=&#8221;default&#8221; global_colors_info=&#8221;{}&#8221;][\/et_pb_contact_field][et_pb_contact_field field_id=&#8221;Tel\u00e8fon&#8221; field_title=&#8221;Tel\u00e8fon&#8221; allowed_symbols=&#8221;numbers&#8221; _builder_version=&#8221;4.23.1&#8243; _module_preset=&#8221;default&#8221; global_colors_info=&#8221;{}&#8221;][\/et_pb_contact_field][et_pb_contact_field field_id=&#8221;Correu_electr\u00f2nic&#8221; field_title=&#8221;Correu electr\u00f2nic&#8221; field_type=&#8221;email&#8221; _builder_version=&#8221;4.23.1&#8243; global_colors_info=&#8221;{}&#8221; button_text_size__hover_enabled=&#8221;off&#8221; button_one_text_size__hover_enabled=&#8221;off&#8221; button_two_text_size__hover_enabled=&#8221;off&#8221; button_text_color__hover_enabled=&#8221;off&#8221; button_one_text_color__hover_enabled=&#8221;off&#8221; button_two_text_color__hover_enabled=&#8221;off&#8221; button_border_width__hover_enabled=&#8221;off&#8221; button_one_border_width__hover_enabled=&#8221;off&#8221; button_two_border_width__hover_enabled=&#8221;off&#8221; button_border_color__hover_enabled=&#8221;off&#8221; button_one_border_color__hover_enabled=&#8221;off&#8221; button_two_border_color__hover_enabled=&#8221;off&#8221; button_border_radius__hover_enabled=&#8221;off&#8221; button_one_border_radius__hover_enabled=&#8221;off&#8221; button_two_border_radius__hover_enabled=&#8221;off&#8221; button_letter_spacing__hover_enabled=&#8221;off&#8221; button_one_letter_spacing__hover_enabled=&#8221;off&#8221; button_two_letter_spacing__hover_enabled=&#8221;off&#8221; button_bg_color__hover_enabled=&#8221;off&#8221; button_one_bg_color__hover_enabled=&#8221;off&#8221; button_two_bg_color__hover_enabled=&#8221;off&#8221;][\/et_pb_contact_field][et_pb_contact_field field_id=&#8221;Message&#8221; field_title=&#8221;Missatge&#8221; required_mark=&#8221;off&#8221; fullwidth_field=&#8221;on&#8221; _builder_version=&#8221;4.23.1&#8243; global_colors_info=&#8221;{}&#8221; button_text_size__hover_enabled=&#8221;off&#8221; button_one_text_size__hover_enabled=&#8221;off&#8221; button_two_text_size__hover_enabled=&#8221;off&#8221; button_text_color__hover_enabled=&#8221;off&#8221; button_one_text_color__hover_enabled=&#8221;off&#8221; button_two_text_color__hover_enabled=&#8221;off&#8221; button_border_width__hover_enabled=&#8221;off&#8221; button_one_border_width__hover_enabled=&#8221;off&#8221; button_two_border_width__hover_enabled=&#8221;off&#8221; button_border_color__hover_enabled=&#8221;off&#8221; button_one_border_color__hover_enabled=&#8221;off&#8221; button_two_border_color__hover_enabled=&#8221;off&#8221; button_border_radius__hover_enabled=&#8221;off&#8221; button_one_border_radius__hover_enabled=&#8221;off&#8221; button_two_border_radius__hover_enabled=&#8221;off&#8221; button_letter_spacing__hover_enabled=&#8221;off&#8221; button_one_letter_spacing__hover_enabled=&#8221;off&#8221; button_two_letter_spacing__hover_enabled=&#8221;off&#8221; button_bg_color__hover_enabled=&#8221;off&#8221; button_one_bg_color__hover_enabled=&#8221;off&#8221; button_two_bg_color__hover_enabled=&#8221;off&#8221;][\/et_pb_contact_field][\/et_pb_contact_form][\/et_pb_column][\/et_pb_row][\/et_pb_section]<\/p>\n","protected":false},"excerpt":{"rendered":"<p>UBRCOM ELABORAR UN PLA DE M\u00c0RQUETING DIGITAL COMMUNITY MANAGER, GESTI\u00d3 DE XARXES SOCIALS POSICIONAMENT WEB PAID\u00a0MEDIA\u00a0(SOCIAL\u00a0ADS\u00a0I GOOGLE ADS) MARKETPLACE\u00a0&#8211; VENDA\u00a0ONLINE GESTI\u00d3 COMERCIAL, ATENCI\u00d3 AL P\u00daBLIC I GESTI\u00d3 DE CLIENTS ESCAPARATISME COMPTABILITAT PR\u00c0CTICA PER A PIMES I AUT\u00d2NOMS INTEL\u00b7LIG\u00c8NCIA DE MEN\u00da PER A RESTAURANTS EINES DE M\u00c0RQUETING I DISSENY GESTI\u00d3 DE L&#8217;ESTR\u00c9S. T\u00c8CNIQUES EFECTIVES PER MILLORAR [&hellip;]<\/p>\n","protected":false},"author":3,"featured_media":0,"parent":0,"menu_order":0,"comment_status":"closed","ping_status":"closed","template":"","meta":{"_et_pb_use_builder":"on","_et_pb_old_content":"","_et_gb_content_width":"","footnotes":""},"dipi_cpt_category":[],"class_list":["post-1066","page","type-page","status-publish","hentry"],"_links":{"self":[{"href":"https:\/\/ubr.cat\/2\/wp-json\/wp\/v2\/pages\/1066","targetHints":{"allow":["GET"]}}],"collection":[{"href":"https:\/\/ubr.cat\/2\/wp-json\/wp\/v2\/pages"}],"about":[{"href":"https:\/\/ubr.cat\/2\/wp-json\/wp\/v2\/types\/page"}],"author":[{"embeddable":true,"href":"https:\/\/ubr.cat\/2\/wp-json\/wp\/v2\/users\/3"}],"replies":[{"embeddable":true,"href":"https:\/\/ubr.cat\/2\/wp-json\/wp\/v2\/comments?post=1066"}],"version-history":[{"count":12,"href":"https:\/\/ubr.cat\/2\/wp-json\/wp\/v2\/pages\/1066\/revisions"}],"predecessor-version":[{"id":1123,"href":"https:\/\/ubr.cat\/2\/wp-json\/wp\/v2\/pages\/1066\/revisions\/1123"}],"wp:attachment":[{"href":"https:\/\/ubr.cat\/2\/wp-json\/wp\/v2\/media?parent=1066"}],"wp:term":[{"taxonomy":"dipi_cpt_category","embeddable":true,"href":"https:\/\/ubr.cat\/2\/wp-json\/wp\/v2\/dipi_cpt_category?post=1066"}],"curies":[{"name":"wp","href":"https:\/\/api.w.org\/{rel}","templated":true}]}}