{"id":1230,"date":"2025-11-03T06:23:53","date_gmt":"2025-11-03T06:23:53","guid":{"rendered":"https:\/\/ubr.cat\/2\/?page_id=1230"},"modified":"2025-11-03T06:26:58","modified_gmt":"2025-11-03T06:26:58","slug":"50-aniversari","status":"publish","type":"page","link":"https:\/\/ubr.cat\/2\/50-aniversari\/","title":{"rendered":"50 aniversari"},"content":{"rendered":"<p>[et_pb_section fb_built=&#8221;1&#8243; fullwidth=&#8221;on&#8221; _builder_version=&#8221;4.27.4&#8243; _module_preset=&#8221;default&#8221; module_alignment=&#8221;center&#8221; global_colors_info=&#8221;{}&#8221;][et_pb_fullwidth_header text_orientation=&#8221;center&#8221; _builder_version=&#8221;4.27.4&#8243; _module_preset=&#8221;default&#8221; background_enable_color=&#8221;off&#8221; background_image=&#8221;https:\/\/new.ubr.cat\/wp-content\/uploads\/2025\/10\/Blue-and-White-Simple-Designer-LinkedIn-Banner-1.png&#8221; module_alignment=&#8221;center&#8221; height=&#8221;579px&#8221; custom_padding=&#8221;||48px|||&#8221; global_colors_info=&#8221;{}&#8221;][\/et_pb_fullwidth_header][\/et_pb_section][et_pb_section fb_built=&#8221;1&#8243; _builder_version=&#8221;4.27.4&#8243; _module_preset=&#8221;default&#8221; global_colors_info=&#8221;{}&#8221; custom_padding=&#8221;||13px|||&#8221;][et_pb_row _builder_version=&#8221;4.27.4&#8243; _module_preset=&#8221;default&#8221; global_colors_info=&#8221;{}&#8221; custom_padding=&#8221;||13px|||&#8221;][et_pb_column type=&#8221;4_4&#8243; _builder_version=&#8221;4.27.4&#8243; _module_preset=&#8221;default&#8221; global_colors_info=&#8221;{}&#8221;][et_pb_text _builder_version=&#8221;4.27.4&#8243; _module_preset=&#8221;default&#8221; header_font=&#8221;|||on|||||&#8221; header_text_align=&#8221;center&#8221; global_colors_info=&#8221;{}&#8221;]<\/p>\n<h1 style=\"text-align: center;\">Acte Institucional del 50 aniversari de la UBR<\/h1>\n<p>[\/et_pb_text][\/et_pb_column][\/et_pb_row][et_pb_row column_structure=&#8221;1_2,1_2&#8243; _builder_version=&#8221;4.27.4&#8243; _module_preset=&#8221;default&#8221; global_colors_info=&#8221;{}&#8221;][et_pb_column type=&#8221;1_2&#8243; _builder_version=&#8221;4.27.4&#8243; _module_preset=&#8221;default&#8221; global_colors_info=&#8221;{}&#8221;][et_pb_image src=&#8221;https:\/\/new.ubr.cat\/wp-content\/uploads\/2025\/10\/Acte-inaguracio-Marc-2025-2.jpeg&#8221; _builder_version=&#8221;4.27.4&#8243; _module_preset=&#8221;default&#8221; global_colors_info=&#8221;{}&#8221;][\/et_pb_image][\/et_pb_column][et_pb_column type=&#8221;1_2&#8243; _builder_version=&#8221;4.27.4&#8243; _module_preset=&#8221;default&#8221; global_colors_info=&#8221;{}&#8221;][et_pb_text _builder_version=&#8221;4.27.4&#8243; _module_preset=&#8221;default&#8221; global_colors_info=&#8221;{}&#8221;]<\/p>\n<div style=\"text-align: justify;\">La<span>\u00a0<\/span><b>Uni\u00f3 de Botiguers de Reus<\/b>\u00a0va celebrar el seu<span>\u00a0<\/span><b>50\u00e8 aniversari<\/b>\u00a0amb un acte inaugural ple d\u2019hist\u00f2ria, cultura i reconeixement al comer\u00e7 local, el dissabte<span>\u00a0<\/span><b>22 de mar\u00e7 de 2025<\/b>, al<span>\u00a0<\/span><b>C\u00edrcol de Reus<\/b>.<\/div>\n<div style=\"text-align: justify;\"><span>L\u2019esdeveniment va comptar amb la pres\u00e8ncia de destacades autoritats:\u00a0<\/span><span><b>Marta Angerri,\u00a0<\/b><\/span><span><b>directora general de Comer\u00e7 de la Generalitat,\u00a0<\/b><\/span><span><b>Noem\u00ed Llaurad\u00f3,<\/b><\/span><span>\u00a0<b>presidenta de la Diputaci\u00f3 de Tarragona, i l\u2019alcaldessa de Reus, Sandra Guaita<\/b>,\u00a0aix\u00ed com\u00a0<b>Rosa Lucas, presidenta de la Uni\u00f3 de Botiguers de Reus<\/b>, a m\u00e9s de representants d\u2019entitats i associats.<\/span><\/div>\n<div style=\"text-align: justify;\">L\u2019acte va comen\u00e7ar amb un<span>\u00a0<\/span><b>passeig pels carrers comercials de Reus<\/b>, amb visites a establiments hist\u00f2rics com<span>\u00a0<\/span><b>Tom\u00e0s Barber\u00e0<\/b>,<span>\u00a0<\/span><b>Casa Padreny<\/b>,<span>\u00a0<\/span><b>El Barato<\/b>\u00a0i<span>\u00a0<\/span><b>La Creu Blanca<\/b>. La comitiva va estar acompanyada per actors del<span>\u00a0<\/span><b>Teatre Bravium<\/b>, que van recrear l\u2019ambient del Reus modernista de principis del segle XX.<\/div>\n<div><\/div>\n<p>[\/et_pb_text][\/et_pb_column][\/et_pb_row][et_pb_row _builder_version=&#8221;4.27.4&#8243; _module_preset=&#8221;default&#8221; global_colors_info=&#8221;{}&#8221;][et_pb_column type=&#8221;4_4&#8243; _builder_version=&#8221;4.27.4&#8243; _module_preset=&#8221;default&#8221; global_colors_info=&#8221;{}&#8221;][et_pb_text _builder_version=&#8221;4.27.4&#8243; _module_preset=&#8221;default&#8221; global_colors_info=&#8221;{}&#8221;]<\/p>\n<div style=\"text-align: justify;\">Posteriorment, els participants es van reunir al<span>\u00a0<\/span><b>C\u00edrcol de Reus<\/b>\u00a0per als<span>\u00a0<\/span><b>parlaments institucionals<\/b>, seguits d\u2019una<span>\u00a0<\/span><b>actuaci\u00f3 musical de Misha Violin<\/b>\u00a0i un<span>\u00a0<\/span><b>aperitiu de peu<\/b>, que va oferir un espai de trobada informal entre comerciants, autoritats i p\u00fablic. L\u2019acte va concloure amb un<span>\u00a0<\/span><b>dinar al C\u00edrcol<\/b>, on pol\u00edtics, entitats i associats van compartir moments de celebraci\u00f3 i di\u00e0leg.<\/div>\n<div style=\"text-align: justify;\">Amb aquesta inauguraci\u00f3, la<span>\u00a0<\/span><b>Uni\u00f3 de Botiguers de Reus<\/b>\u00a0reafirma el seu comprom\u00eds amb el<span>\u00a0<\/span><b>comer\u00e7 de proximitat<\/b>, la<span>\u00a0<\/span><b>dinamitzaci\u00f3 del centre de la ciutat<\/b>\u00a0i la<span>\u00a0<\/span><b>col\u00b7laboraci\u00f3 entre establiments<\/b>, mirant cap al futur amb orgull i il\u00b7lusi\u00f3.<\/div>\n<p>[\/et_pb_text][\/et_pb_column][\/et_pb_row][\/et_pb_section][et_pb_section fb_built=&#8221;1&#8243; _builder_version=&#8221;4.27.4&#8243; _module_preset=&#8221;default&#8221; global_colors_info=&#8221;{}&#8221; custom_padding=&#8221;17px||5px|||&#8221;][et_pb_row _builder_version=&#8221;4.27.4&#8243; _module_preset=&#8221;default&#8221; global_colors_info=&#8221;{}&#8221; custom_padding=&#8221;||8px|||&#8221;][et_pb_column type=&#8221;4_4&#8243; _builder_version=&#8221;4.27.4&#8243; _module_preset=&#8221;default&#8221; global_colors_info=&#8221;{}&#8221;][et_pb_text _builder_version=&#8221;4.27.4&#8243; _module_preset=&#8221;default&#8221; global_colors_info=&#8221;{}&#8221;]<\/p>\n<h1 style=\"text-align: center;\">Exposici\u00f3<\/h1>\n<p>[\/et_pb_text][\/et_pb_column][\/et_pb_row][et_pb_row column_structure=&#8221;1_2,1_2&#8243; _builder_version=&#8221;4.27.4&#8243; _module_preset=&#8221;default&#8221; global_colors_info=&#8221;{}&#8221;][et_pb_column type=&#8221;1_2&#8243; _builder_version=&#8221;4.27.4&#8243; _module_preset=&#8221;default&#8221; global_colors_info=&#8221;{}&#8221;][et_pb_text _builder_version=&#8221;4.27.4&#8243; _module_preset=&#8221;default&#8221; global_colors_info=&#8221;{}&#8221;]<\/p>\n<div style=\"text-align: justify;\">Del 6 al 14 de juny de 2025, el Palau Bofarull acull l\u2019exposici\u00f3<span>\u00a0<\/span><i>Hist\u00f2ria d&#8217;una ciutat comercial. 50 anys de la Uni\u00f3 de Botiguers de Reus<\/i>, que ofereix un recorregut amb el temps per la hist\u00f2ria comercial de Reus a trav\u00e9s dels 50 anys de traject\u00f2ria de la Uni\u00f3 de Botiguers.<\/div>\n<div style=\"text-align: justify;\">Reus, com a ciutat pionera, acull el naixement oficial de la primera associaci\u00f3 de comerciants de Catalunya i de l\u2019Estat. La Uni\u00f3 de Botiguers de Reus entra en escena amb la voluntat de representar i defensar els interessos del sector comercial i promou la creaci\u00f3 de totes les associacions que la van seguir, exercint de lobby per influir en tot all\u00f2 que afecta el progr\u00e9s i el desenvolupament de la ciutat, sent determinant, per exemple, en la definici\u00f3 de l\u2019urbanisme i en la projecci\u00f3 exterior de Reus.<\/div>\n<div><\/div>\n<p>[\/et_pb_text][\/et_pb_column][et_pb_column type=&#8221;1_2&#8243; _builder_version=&#8221;4.27.4&#8243; _module_preset=&#8221;default&#8221; global_colors_info=&#8221;{}&#8221;][et_pb_image src=&#8221;https:\/\/new.ubr.cat\/wp-content\/uploads\/2025\/10\/Sin-titulo.png&#8221; _builder_version=&#8221;4.27.4&#8243; _module_preset=&#8221;default&#8221; global_colors_info=&#8221;{}&#8221;][\/et_pb_image][\/et_pb_column][\/et_pb_row][et_pb_row _builder_version=&#8221;4.27.4&#8243; _module_preset=&#8221;default&#8221; global_colors_info=&#8221;{}&#8221;][et_pb_column type=&#8221;4_4&#8243; _builder_version=&#8221;4.27.4&#8243; _module_preset=&#8221;default&#8221; global_colors_info=&#8221;{}&#8221;][et_pb_text _builder_version=&#8221;4.27.4&#8243; _module_preset=&#8221;default&#8221; global_colors_info=&#8221;{}&#8221;]<\/p>\n<div style=\"text-align: justify;\">L\u2019exposici\u00f3 permet descobrir com ha evolucionat el comer\u00e7 local, les hist\u00f2ries de les botigues emblem\u00e0tiques i la transformaci\u00f3 del teixit comercial, en un recorregut que combina mem\u00f2ria, imatges i objectes que han marcat el dia a dia de la ciutat.<\/div>\n<div style=\"text-align: justify;\">L\u2019acte inaugural del 6 de juny de 2025 comen\u00e7a al faristol del Sal\u00f3 Noble, amb la benvinguda i intervenci\u00f3 de la Sra. Rosa Lucas, presidenta de la Uni\u00f3 de Botiguers de Reus, seguida de la intervenci\u00f3 del Sr. Daniel Marcos, regidor de l\u2019Ajuntament de Reus, i de l\u2019Il\u00b7lma. Sra. Noem\u00ed Llaurad\u00f3, presidenta de la Diputaci\u00f3 de Tarragona.<\/div>\n<div style=\"text-align: justify;\">A continuaci\u00f3, els assistents poden visitar l\u2019exposici\u00f3 a la Sala d\u2019Exposicions i, tot seguit, gaudir d\u2019un refrigeri a la terrassa. L\u2019acte compta amb la pres\u00e8ncia de comerciants, representants institucionals, membres de la Uni\u00f3 de Botiguers i ciutadania interessada en la hist\u00f2ria del comer\u00e7 a Reus.<\/div>\n<p>[\/et_pb_text][\/et_pb_column][\/et_pb_row][\/et_pb_section][et_pb_section fb_built=&#8221;1&#8243; _builder_version=&#8221;4.27.4&#8243; _module_preset=&#8221;default&#8221; global_colors_info=&#8221;{}&#8221; custom_padding=&#8221;32px|||||&#8221;][et_pb_row _builder_version=&#8221;4.27.4&#8243; _module_preset=&#8221;default&#8221; global_colors_info=&#8221;{}&#8221; custom_padding=&#8221;||11px|||&#8221;][et_pb_column type=&#8221;4_4&#8243; _builder_version=&#8221;4.27.4&#8243; _module_preset=&#8221;default&#8221; global_colors_info=&#8221;{}&#8221;][et_pb_text _builder_version=&#8221;4.27.4&#8243; _module_preset=&#8221;default&#8221; global_colors_info=&#8221;{}&#8221;]<\/p>\n<h1 style=\"text-align: center;\">Llibre<\/h1>\n<p>[\/et_pb_text][\/et_pb_column][\/et_pb_row][et_pb_row column_structure=&#8221;1_2,1_2&#8243; _builder_version=&#8221;4.27.4&#8243; _module_preset=&#8221;default&#8221; global_colors_info=&#8221;{}&#8221;][et_pb_column type=&#8221;1_2&#8243; _builder_version=&#8221;4.27.4&#8243; _module_preset=&#8221;default&#8221; global_colors_info=&#8221;{}&#8221;][et_pb_image src=&#8221;https:\/\/new.ubr.cat\/wp-content\/uploads\/2025\/10\/Post-presentacio-llibre.png&#8221; _builder_version=&#8221;4.27.4&#8243; _module_preset=&#8221;default&#8221; global_colors_info=&#8221;{}&#8221;][\/et_pb_image][\/et_pb_column][et_pb_column type=&#8221;1_2&#8243; _builder_version=&#8221;4.27.4&#8243; _module_preset=&#8221;default&#8221; global_colors_info=&#8221;{}&#8221;][et_pb_text _builder_version=&#8221;4.27.4&#8243; _module_preset=&#8221;default&#8221; global_colors_info=&#8221;{}&#8221;]<\/p>\n<div style=\"text-align: justify;\"><\/div>\n<div style=\"text-align: justify;\"><\/div>\n<div style=\"text-align: justify;\"><\/div>\n<div style=\"text-align: justify;\"><\/div>\n<div style=\"text-align: justify;\">Aquest llibre \u00e9s molt m\u00e9s que una cr\u00f2nica hist\u00f2rica. \u00c9s el relat apassionant d\u2019una aventura col\u00b7lectiva: la de la Uni\u00f3 de Botiguers de Reus, la primera associaci\u00f3 de botiguers de tot l\u2019Estat. Una hist\u00f2ria escrita amb l\u2019esfor\u00e7, la visi\u00f3 i la perseveran\u00e7a de totes les persones que, al llarg dels anys, han cregut en la for\u00e7a del comer\u00e7 de proximitat i en l\u2019esperit emprenedor de la ciutat.<\/div>\n<div style=\"text-align: justify;\"><\/div>\n<div style=\"text-align: justify;\"><\/div>\n<div style=\"text-align: justify;\">\n<p>\u00a0P\u00e0gina a p\u00e0gina, el llibre recull mig segle d\u2019iniciatives, projectes i accions que han donat vida als carrers de Reus \u2014des de campanyes comercials fins a la seva influ\u00e8ncia en grans decisions urbanes, socials i econ\u00f2miques que han marcat el futur de la ciutat i, fins i tot, de Catalunya.<br \/>\n<span style=\"font-size: 14px;\"><br \/>\nTamb\u00e9 \u00e9s un viatge pel temps, una mirada als profunds canvis socioecon\u00f2mics, pol\u00edtics, comercials i urban\u00edstics que han transformat Reus, i al paper clau que el seu teixit comercial ha tingut en aquesta evoluci\u00f3.<br \/>\n<\/span><\/p>\n<\/div>\n<div style=\"text-align: justify;\"><\/div>\n<div style=\"text-align: justify;\">\n<p>Una hist\u00f2ria de comprom\u00eds, innovaci\u00f3 i amor per la ciutat, explicada des de dins, amb la veu de tots aquells que han fet.<\/p>\n<p>&nbsp;<\/p>\n<\/div>\n<div style=\"text-align: justify;\"><\/div>\n<div style=\"text-align: justify;\">\n<p>Un relat viu i ple de mem\u00f2ria, escrit per Josep Cruset Vallverd\u00fa, que ens convida a descobrir com la Uni\u00f3 de Botiguers ha contribu\u00eft a construir el Reus que coneixem avui.<\/p>\n<p>&nbsp;<\/p>\n<\/div>\n<div style=\"text-align: justify;\"><\/div>\n<div style=\"text-align: justify;\"><\/div>\n<div style=\"text-align: justify;\"><b>Publicaci\u00f3 presentada a la convocat\u00f2ria de subvencions de la Diputaci\u00f3 de Tarragona<\/b><\/div>\n<p>[\/et_pb_text][\/et_pb_column][\/et_pb_row][\/et_pb_section]<\/p>\n","protected":false},"excerpt":{"rendered":"<p>Acte Institucional del 50 aniversari de la UBRLa\u00a0Uni\u00f3 de Botiguers de Reus\u00a0va celebrar el seu\u00a050\u00e8 aniversari\u00a0amb un acte inaugural ple d\u2019hist\u00f2ria, cultura i reconeixement al comer\u00e7 local, el dissabte\u00a022 de mar\u00e7 de 2025, al\u00a0C\u00edrcol de Reus. L\u2019esdeveniment va comptar amb la pres\u00e8ncia de destacades autoritats:\u00a0Marta Angerri,\u00a0directora general de Comer\u00e7 de la Generalitat,\u00a0Noem\u00ed Llaurad\u00f3,\u00a0presidenta de la [&hellip;]<\/p>\n","protected":false},"author":1,"featured_media":0,"parent":0,"menu_order":0,"comment_status":"closed","ping_status":"closed","template":"","meta":{"_et_pb_use_builder":"on","_et_pb_old_content":"","_et_gb_content_width":"","footnotes":""},"dipi_cpt_category":[],"class_list":["post-1230","page","type-page","status-publish","hentry"],"_links":{"self":[{"href":"https:\/\/ubr.cat\/2\/wp-json\/wp\/v2\/pages\/1230","targetHints":{"allow":["GET"]}}],"collection":[{"href":"https:\/\/ubr.cat\/2\/wp-json\/wp\/v2\/pages"}],"about":[{"href":"https:\/\/ubr.cat\/2\/wp-json\/wp\/v2\/types\/page"}],"author":[{"embeddable":true,"href":"https:\/\/ubr.cat\/2\/wp-json\/wp\/v2\/users\/1"}],"replies":[{"embeddable":true,"href":"https:\/\/ubr.cat\/2\/wp-json\/wp\/v2\/comments?post=1230"}],"version-history":[{"count":5,"href":"https:\/\/ubr.cat\/2\/wp-json\/wp\/v2\/pages\/1230\/revisions"}],"predecessor-version":[{"id":1237,"href":"https:\/\/ubr.cat\/2\/wp-json\/wp\/v2\/pages\/1230\/revisions\/1237"}],"wp:attachment":[{"href":"https:\/\/ubr.cat\/2\/wp-json\/wp\/v2\/media?parent=1230"}],"wp:term":[{"taxonomy":"dipi_cpt_category","embeddable":true,"href":"https:\/\/ubr.cat\/2\/wp-json\/wp\/v2\/dipi_cpt_category?post=1230"}],"curies":[{"name":"wp","href":"https:\/\/api.w.org\/{rel}","templated":true}]}}